{"id":3313,"date":"2026-05-04T12:35:52","date_gmt":"2026-05-04T12:35:52","guid":{"rendered":"https:\/\/berradalawfirm.ma\/?page_id=3313"},"modified":"2026-05-04T13:07:14","modified_gmt":"2026-05-04T13:07:14","slug":"droit-de-la-propriete-industrielle-et-intellectuelle","status":"publish","type":"page","link":"https:\/\/berradalawfirm.ma\/en\/droit-de-la-propriete-industrielle-et-intellectuelle\/","title":{"rendered":"droit de la propri\u00e9t\u00e9 industrielle et intellectuelle"},"content":{"rendered":"<div data-elementor-type=\"wp-page\" data-elementor-id=\"3313\" class=\"elementor elementor-3313\" data-elementor-post-type=\"page\">\n\t\t\t\t<div class=\"elementor-element elementor-element-8982eef e-flex e-con-boxed e-con e-parent\" data-id=\"8982eef\" data-element_type=\"container\" data-e-type=\"container\">\n\t\t\t\t\t<div class=\"e-con-inner\">\n\t\t\t\t\t<\/div>\n\t\t\t\t<\/div>\n\t\t<div class=\"elementor-element elementor-element-a9b841d e-flex e-con-boxed e-con e-parent\" data-id=\"a9b841d\" data-element_type=\"container\" data-e-type=\"container\" data-settings=\"{&quot;background_background&quot;:&quot;classic&quot;}\">\n\t\t\t\t\t<div class=\"e-con-inner\">\n\t\t<div class=\"elementor-element elementor-element-f42566a e-grid e-con-full elementor-invisible e-con e-child\" data-id=\"f42566a\" data-element_type=\"container\" data-e-type=\"container\" data-settings=\"{&quot;background_background&quot;:&quot;classic&quot;,&quot;animation&quot;:&quot;fadeIn&quot;,&quot;animation_delay&quot;:1000}\">\n\t\t\t\t<div class=\"elementor-element elementor-element-6f5dbfb elementor-widget elementor-widget-heading\" data-id=\"6f5dbfb\" data-element_type=\"widget\" data-e-type=\"widget\" data-widget_type=\"heading.default\">\n\t\t\t\t<div class=\"elementor-widget-container\">\n\t\t\t\t\t<h1 class=\"elementor-heading-title elementor-size-default\">DROIT PROPRI\u00c9T\u00c9 INTELLECTUELLE &amp; INDUSTRIELLE<\/h1>\t\t\t\t<\/div>\n\t\t\t\t<\/div>\n\t\t\t\t<div class=\"elementor-element elementor-element-20845bc elementor-widget elementor-widget-heading\" data-id=\"20845bc\" data-element_type=\"widget\" data-e-type=\"widget\" data-widget_type=\"heading.default\">\n\t\t\t\t<div class=\"elementor-widget-container\">\n\t\t\t\t\t<h2 class=\"elementor-heading-title elementor-size-default\">Prot\u00e9ger votre Capital Immat\u00e9riel au Maroc<\/h2>\t\t\t\t<\/div>\n\t\t\t\t<\/div>\n\t\t\t\t<div class=\"elementor-element elementor-element-7cc4b7c elementor-button-success elementor-align-center elementor-widget elementor-widget-button\" data-id=\"7cc4b7c\" data-element_type=\"widget\" data-e-type=\"widget\" data-widget_type=\"button.default\">\n\t\t\t\t<div class=\"elementor-widget-container\">\n\t\t\t\t\t\t\t\t\t<div class=\"elementor-button-wrapper\">\n\t\t\t\t\t<a class=\"elementor-button elementor-button-link elementor-size-sm\" href=\"#contact\">\n\t\t\t\t\t\t<span class=\"elementor-button-content-wrapper\">\n\t\t\t\t\t\t\t\t\t<span class=\"elementor-button-text\">Demander un audit de vos marques<\/span>\n\t\t\t\t\t<\/span>\n\t\t\t\t\t<\/a>\n\t\t\t\t<\/div>\n\t\t\t\t\t\t\t\t<\/div>\n\t\t\t\t<\/div>\n\t\t\t\t<\/div>\n\t\t\t\t\t<\/div>\n\t\t\t\t<\/div>\n\t\t<div class=\"elementor-element elementor-element-bd70cfb e-flex e-con-boxed e-con e-parent\" data-id=\"bd70cfb\" data-element_type=\"container\" data-e-type=\"container\">\n\t\t\t\t\t<div class=\"e-con-inner\">\n\t\t\t\t<div class=\"elementor-element elementor-element-2ce42e3 elementor-widget elementor-widget-spacer\" data-id=\"2ce42e3\" data-element_type=\"widget\" data-e-type=\"widget\" data-widget_type=\"spacer.default\">\n\t\t\t\t<div class=\"elementor-widget-container\">\n\t\t\t\t\t\t\t<div class=\"elementor-spacer\">\n\t\t\t<div class=\"elementor-spacer-inner\"><\/div>\n\t\t<\/div>\n\t\t\t\t\t\t<\/div>\n\t\t\t\t<\/div>\n\t\t<div class=\"elementor-element elementor-element-ef0d22d e-con-full e-flex e-con e-child\" data-id=\"ef0d22d\" data-element_type=\"container\" data-e-type=\"container\">\n\t\t\t\t<div class=\"elementor-element elementor-element-c2f875a elementor-widget elementor-widget-heading\" data-id=\"c2f875a\" data-element_type=\"widget\" data-e-type=\"widget\" data-widget_type=\"heading.default\">\n\t\t\t\t<div class=\"elementor-widget-container\">\n\t\t\t\t\t<h2 class=\"elementor-heading-title elementor-size-default\">Propri\u00e9t\u00e9 Intellectuelle &amp; Industrielle :<\/h2>\t\t\t\t<\/div>\n\t\t\t\t<\/div>\n\t\t\t\t<div class=\"elementor-element elementor-element-cf8fdb8 elementor-widget elementor-widget-heading\" data-id=\"cf8fdb8\" data-element_type=\"widget\" data-e-type=\"widget\" data-widget_type=\"heading.default\">\n\t\t\t\t<div class=\"elementor-widget-container\">\n\t\t\t\t\t<h3 class=\"elementor-heading-title elementor-size-default\">Prot\u00e9ger votre Capital Immat\u00e9riel au Maroc<\/h3>\t\t\t\t<\/div>\n\t\t\t\t<\/div>\n\t\t\t\t<div class=\"elementor-element elementor-element-eab85cc elementor-widget elementor-widget-text-editor\" data-id=\"eab85cc\" data-element_type=\"widget\" data-e-type=\"widget\" data-widget_type=\"text-editor.default\">\n\t\t\t\t<div class=\"elementor-widget-container\">\n\t\t\t\t\t\t\t\t\t<p data-start=\"875\" data-end=\"1194\">Au carrefour de l&rsquo;Afrique et de l&rsquo;Europe, la protection de l&rsquo;innovation est devenue un levier majeur de comp\u00e9titivit\u00e9 pour les entreprises marocaines. Le cabinet de Ma\u00eetre Meriem Berrada vous offre une expertise pointue pour naviguer dans le cadre l\u00e9gal de la Loi 17-97 et s\u00e9curiser vos actifs aupr\u00e8s de l&rsquo;OMPIC.<\/p>\t\t\t\t\t\t\t\t<\/div>\n\t\t\t\t<\/div>\n\t\t\t\t<div class=\"elementor-element elementor-element-861a7f0 elementor-widget elementor-widget-spacer\" data-id=\"861a7f0\" data-element_type=\"widget\" data-e-type=\"widget\" data-widget_type=\"spacer.default\">\n\t\t\t\t<div class=\"elementor-widget-container\">\n\t\t\t\t\t\t\t<div class=\"elementor-spacer\">\n\t\t\t<div class=\"elementor-spacer-inner\"><\/div>\n\t\t<\/div>\n\t\t\t\t\t\t<\/div>\n\t\t\t\t<\/div>\n\t\t\t\t<div class=\"elementor-element elementor-element-6f49b9e elementor-widget elementor-widget-heading\" data-id=\"6f49b9e\" data-element_type=\"widget\" data-e-type=\"widget\" data-widget_type=\"heading.default\">\n\t\t\t\t<div class=\"elementor-widget-container\">\n\t\t\t\t\t<h2 class=\"elementor-heading-title elementor-size-default\">Propri\u00e9t\u00e9 Industrielle :<\/h2>\t\t\t\t<\/div>\n\t\t\t\t<\/div>\n\t\t\t\t<div class=\"elementor-element elementor-element-aa779eb elementor-widget elementor-widget-heading\" data-id=\"aa779eb\" data-element_type=\"widget\" data-e-type=\"widget\" data-widget_type=\"heading.default\">\n\t\t\t\t<div class=\"elementor-widget-container\">\n\t\t\t\t\t<h4 class=\"elementor-heading-title elementor-size-default\">L'Armure de votre Entreprise\nLe d\u00e9p\u00f4t de vos titres de propri\u00e9t\u00e9 industrielle au Maroc est une \u00e9tape cruciale pour asseoir votre autorit\u00e9 sur le march\u00e9 national et international.<\/h4>\t\t\t\t<\/div>\n\t\t\t\t<\/div>\n\t\t\t\t<div class=\"elementor-element elementor-element-b3f06d8 elementor-widget elementor-widget-text-editor\" data-id=\"b3f06d8\" data-element_type=\"widget\" data-e-type=\"widget\" data-widget_type=\"text-editor.default\">\n\t\t\t\t<div class=\"elementor-widget-container\">\n\t\t\t\t\t\t\t\t\t<ul><li>Droit des Marques : V\u00e9rification de la disponibilit\u00e9, d\u00e9p\u00f4t de marques nationales (OMPIC) et internationales (syst\u00e8me de Madrid). Nous g\u00e9rons vos renouvellements et vos oppositions.<\/li><li>Brevets d\u2019Invention : Accompagnement dans la protection de vos solutions techniques et gestion du contentieux li\u00e9 \u00e0 la validit\u00e9 des brevets.<\/li><li>Dessins et Mod\u00e8les : Protection de vos cr\u00e9ations ornementales, particuli\u00e8rement pour les secteurs de l\u2019artisanat, de la mode et de l&rsquo;industrie.<\/li><li>* Indications G\u00e9ographiques : Valorisation des produits du terroir marocain via les labels et les appellations d&rsquo;origine.<\/li><\/ul>\t\t\t\t\t\t\t\t<\/div>\n\t\t\t\t<\/div>\n\t\t\t\t<div class=\"elementor-element elementor-element-3d3d844 elementor-widget elementor-widget-heading\" data-id=\"3d3d844\" data-element_type=\"widget\" data-e-type=\"widget\" data-widget_type=\"heading.default\">\n\t\t\t\t<div class=\"elementor-widget-container\">\n\t\t\t\t\t<h2 class=\"elementor-heading-title elementor-size-default\">Droit d\u2019Auteur et Droits Voisins<\/h2>\t\t\t\t<\/div>\n\t\t\t\t<\/div>\n\t\t\t\t<div class=\"elementor-element elementor-element-c5e0c43 elementor-widget elementor-widget-heading\" data-id=\"c5e0c43\" data-element_type=\"widget\" data-e-type=\"widget\" data-widget_type=\"heading.default\">\n\t\t\t\t<div class=\"elementor-widget-container\">\n\t\t\t\t\t<h4 class=\"elementor-heading-title elementor-size-default\">Nous prot\u00e9geons le g\u00e9nie cr\u00e9atif des artistes, d\u00e9veloppeurs et entreprises de m\u00e9dias, en lien avec le Bureau Marocain du Droit d'Auteur (BMDA).<\/h4>\t\t\t\t<\/div>\n\t\t\t\t<\/div>\n\t\t\t\t<div class=\"elementor-element elementor-element-e116e76 elementor-widget elementor-widget-text-editor\" data-id=\"e116e76\" data-element_type=\"widget\" data-e-type=\"widget\" data-widget_type=\"text-editor.default\">\n\t\t\t\t<div class=\"elementor-widget-container\">\n\t\t\t\t\t\t\t\t\t<ul><li>Num\u00e9rique &amp; Logiciels : Protection des codes sources, des bases de donn\u00e9es et des applications mobiles.<\/li><li>Contrats de Cr\u00e9ation : R\u00e9daction de contrats de cession de droits, contrats d\u2019\u00e9dition et licences d\u2019exploitation adapt\u00e9s au droit marocain.<\/li><li>Web &amp; E-commerce : Protection de vos contenus digitaux et gestion des noms de domaine en .ma.<\/li><\/ul>\t\t\t\t\t\t\t\t<\/div>\n\t\t\t\t<\/div>\n\t\t\t\t<div class=\"elementor-element elementor-element-3359506 elementor-widget elementor-widget-heading\" data-id=\"3359506\" data-element_type=\"widget\" data-e-type=\"widget\" data-widget_type=\"heading.default\">\n\t\t\t\t<div class=\"elementor-widget-container\">\n\t\t\t\t\t<h2 class=\"elementor-heading-title elementor-size-default\">D\u00e9fense des Droits &amp; Lutte contre la Contrefa\u00e7on<\/h2>\t\t\t\t<\/div>\n\t\t\t\t<\/div>\n\t\t\t\t<div class=\"elementor-element elementor-element-81bf2b3 elementor-widget elementor-widget-heading\" data-id=\"81bf2b3\" data-element_type=\"widget\" data-e-type=\"widget\" data-widget_type=\"heading.default\">\n\t\t\t\t<div class=\"elementor-widget-container\">\n\t\t\t\t\t<h4 class=\"elementor-heading-title elementor-size-default\">Le Maroc dispose d\u2019un arsenal juridique robuste pour lutter contre l'atteinte aux droits de propri\u00e9t\u00e9 intellectuelle. Le cabinet intervient pour :<\/h4>\t\t\t\t<\/div>\n\t\t\t\t<\/div>\n\t\t\t\t<div class=\"elementor-element elementor-element-386508f elementor-widget elementor-widget-text-editor\" data-id=\"386508f\" data-element_type=\"widget\" data-e-type=\"widget\" data-widget_type=\"text-editor.default\">\n\t\t\t\t<div class=\"elementor-widget-container\">\n\t\t\t\t\t\t\t\t\t<ul><li>Actions Judiciaires : Saisies-contrefa\u00e7on, actions en nullit\u00e9 et recours en revendication devant les tribunaux de commerce du Royaume.<\/li><li>Mesures aux Fronti\u00e8res : Collaboration avec l\u2019Administration des Douanes pour suspendre le d\u00e9douanement de marchandises pr\u00e9sum\u00e9es contrefaisantes.<br \/>Concurrence D\u00e9loyale : Protection contre le d\u00e9tournement de client\u00e8le, le d\u00e9nigrement ou le parasitisme commercial.<\/li><\/ul>\t\t\t\t\t\t\t\t<\/div>\n\t\t\t\t<\/div>\n\t\t\t\t<div class=\"elementor-element elementor-element-ddc7e98 elementor-widget elementor-widget-heading\" data-id=\"ddc7e98\" data-element_type=\"widget\" data-e-type=\"widget\" data-widget_type=\"heading.default\">\n\t\t\t\t<div class=\"elementor-widget-container\">\n\t\t\t\t\t<h2 class=\"elementor-heading-title elementor-size-default\">\ud83c\uddf2\ud83c\udde6 Pourquoi choisir notre cabinet ?<\/h2>\t\t\t\t<\/div>\n\t\t\t\t<\/div>\n\t\t\t\t<div class=\"elementor-element elementor-element-4ba9363 elementor-widget elementor-widget-text-editor\" data-id=\"4ba9363\" data-element_type=\"widget\" data-e-type=\"widget\" data-widget_type=\"text-editor.default\">\n\t\t\t\t<div class=\"elementor-widget-container\">\n\t\t\t\t\t\t\t\t\t<p>Nous transformons vos innovations en titres de propri\u00e9t\u00e9 solides, capables de r\u00e9sister aux enjeux du march\u00e9 marocain et aux d\u00e9fis de l&rsquo;export.\u00a0\u00bb<\/p>\t\t\t\t\t\t\t\t<\/div>\n\t\t\t\t<\/div>\n\t\t\t\t<div class=\"elementor-element elementor-element-2500074 elementor-widget elementor-widget-heading\" data-id=\"2500074\" data-element_type=\"widget\" data-e-type=\"widget\" data-widget_type=\"heading.default\">\n\t\t\t\t<div class=\"elementor-widget-container\">\n\t\t\t\t\t<h2 class=\"elementor-heading-title elementor-size-default\">Expertise Locale, Vision Globale<\/h2>\t\t\t\t<\/div>\n\t\t\t\t<\/div>\n\t\t\t\t<div class=\"elementor-element elementor-element-76e9342 elementor-widget elementor-widget-heading\" data-id=\"76e9342\" data-element_type=\"widget\" data-e-type=\"widget\" data-widget_type=\"heading.default\">\n\t\t\t\t<div class=\"elementor-widget-container\">\n\t\t\t\t\t<h4 class=\"elementor-heading-title elementor-size-default\">Une ma\u00eetrise parfaite des proc\u00e9dures de l'OMPIC alli\u00e9e aux standards internationaux.<\/h4>\t\t\t\t<\/div>\n\t\t\t\t<\/div>\n\t\t\t\t<div class=\"elementor-element elementor-element-b7f853b elementor-widget elementor-widget-text-editor\" data-id=\"b7f853b\" data-element_type=\"widget\" data-e-type=\"widget\" data-widget_type=\"text-editor.default\">\n\t\t\t\t<div class=\"elementor-widget-container\">\n\t\t\t\t\t\t\t\t\t<ul><li>Proximit\u00e9 et R\u00e9activit\u00e9 : Un accompagnement personnalis\u00e9 pour les startups, PME et grands groupes op\u00e9rant au Maroc.<\/li><li>S\u00e9curit\u00e9 Juridique : Une anticipation des risques pour \u00e9viter des blocages administratifs ou judiciaires co\u00fbteux.<\/li><\/ul>\t\t\t\t\t\t\t\t<\/div>\n\t\t\t\t<\/div>\n\t\t\t\t<div class=\"elementor-element elementor-element-4c013de elementor-widget elementor-widget-spacer\" data-id=\"4c013de\" data-element_type=\"widget\" data-e-type=\"widget\" data-widget_type=\"spacer.default\">\n\t\t\t\t<div class=\"elementor-widget-container\">\n\t\t\t\t\t\t\t<div class=\"elementor-spacer\">\n\t\t\t<div class=\"elementor-spacer-inner\"><\/div>\n\t\t<\/div>\n\t\t\t\t\t\t<\/div>\n\t\t\t\t<\/div>\n\t\t\t\t<div class=\"elementor-element elementor-element-f73ca29 elementor-widget elementor-widget-spacer\" data-id=\"f73ca29\" data-element_type=\"widget\" data-e-type=\"widget\" data-widget_type=\"spacer.default\">\n\t\t\t\t<div class=\"elementor-widget-container\">\n\t\t\t\t\t\t\t<div class=\"elementor-spacer\">\n\t\t\t<div class=\"elementor-spacer-inner\"><\/div>\n\t\t<\/div>\n\t\t\t\t\t\t<\/div>\n\t\t\t\t<\/div>\n\t\t\t\t<\/div>\n\t\t\t\t\t<\/div>\n\t\t\t\t<\/div>\n\t\t<div class=\"elementor-element elementor-element-d90203f e-flex e-con-boxed e-con e-parent\" data-id=\"d90203f\" data-element_type=\"container\" data-e-type=\"container\" data-settings=\"{&quot;background_background&quot;:&quot;classic&quot;}\">\n\t\t\t\t\t<div class=\"e-con-inner\">\n\t\t<div class=\"elementor-element elementor-element-5b6fe59 e-con-full e-flex e-con e-child\" data-id=\"5b6fe59\" data-element_type=\"container\" data-e-type=\"container\">\n\t\t\t\t<div class=\"elementor-element elementor-element-d83dc0c elementor-widget elementor-widget-heading\" data-id=\"d83dc0c\" data-element_type=\"widget\" data-e-type=\"widget\" data-widget_type=\"heading.default\">\n\t\t\t\t<div class=\"elementor-widget-container\">\n\t\t\t\t\t<h2 class=\"elementor-heading-title elementor-size-default\">Vous souhaitez d\u00e9poser une marque au Maroc ou prot\u00e9ger une invention ?\nPrenez rendez-vous pour une consultation strat\u00e9gique.<\/h2>\t\t\t\t<\/div>\n\t\t\t\t<\/div>\n\t\t\t\t<div class=\"elementor-element elementor-element-d71ab67 elementor-align-center elementor-widget elementor-widget-button\" data-id=\"d71ab67\" data-element_type=\"widget\" data-e-type=\"widget\" data-widget_type=\"button.default\">\n\t\t\t\t<div class=\"elementor-widget-container\">\n\t\t\t\t\t\t\t\t\t<div class=\"elementor-button-wrapper\">\n\t\t\t\t\t<a class=\"elementor-button elementor-button-link elementor-size-sm\" href=\"#contact\">\n\t\t\t\t\t\t<span class=\"elementor-button-content-wrapper\">\n\t\t\t\t\t\t<span class=\"elementor-button-icon\">\n\t\t\t\t<i aria-hidden=\"true\" class=\"fas fa-phone-alt\"><\/i>\t\t\t<\/span>\n\t\t\t\t\t\t\t\t\t<span class=\"elementor-button-text\">Contactez le Cabinet<\/span>\n\t\t\t\t\t<\/span>\n\t\t\t\t\t<\/a>\n\t\t\t\t<\/div>\n\t\t\t\t\t\t\t\t<\/div>\n\t\t\t\t<\/div>\n\t\t\t\t<\/div>\n\t\t\t\t\t<\/div>\n\t\t\t\t<\/div>\n\t\t<div class=\"elementor-element elementor-element-ffb8e48 e-flex e-con-boxed e-con e-parent\" data-id=\"ffb8e48\" data-element_type=\"container\" data-e-type=\"container\" id=\"contact\" data-settings=\"{&quot;background_background&quot;:&quot;classic&quot;}\">\n\t\t\t\t\t<div class=\"e-con-inner\">\n\t\t\t\t\t<\/div>\n\t\t\t\t<\/div>\n\t\t<div class=\"elementor-element elementor-element-9824dc7 e-flex e-con-boxed e-con e-parent\" data-id=\"9824dc7\" data-element_type=\"container\" data-e-type=\"container\" id=\"contact\" data-settings=\"{&quot;background_background&quot;:&quot;classic&quot;}\">\n\t\t\t\t\t<div class=\"e-con-inner\">\n\t\t<div class=\"elementor-element elementor-element-1f2aad8 e-grid e-con-full e-con e-child\" data-id=\"1f2aad8\" data-element_type=\"container\" data-e-type=\"container\">\n\t\t\t\t<div class=\"elementor-element elementor-element-6f3ccfc elementor-align-justify popmake-2864 elementor-widget elementor-widget-button\" data-id=\"6f3ccfc\" data-element_type=\"widget\" data-e-type=\"widget\" data-widget_type=\"button.default\">\n\t\t\t\t<div class=\"elementor-widget-container\">\n\t\t\t\t\t\t\t\t\t<div class=\"elementor-button-wrapper\">\n\t\t\t\t\t<a class=\"elementor-button elementor-button-link elementor-size-sm\" href=\"#\">\n\t\t\t\t\t\t<span class=\"elementor-button-content-wrapper\">\n\t\t\t\t\t\t<span class=\"elementor-button-icon\">\n\t\t\t\t<i aria-hidden=\"true\" class=\"far fa-envelope\"><\/i>\t\t\t<\/span>\n\t\t\t\t\t\t\t\t\t<span class=\"elementor-button-text\">NOUS CONTACTER<\/span>\n\t\t\t\t\t<\/span>\n\t\t\t\t\t<\/a>\n\t\t\t\t<\/div>\n\t\t\t\t\t\t\t\t<\/div>\n\t\t\t\t<\/div>\n\t\t\t\t<div class=\"elementor-element elementor-element-86d7465 elementor-align-justify popmake-2881 elementor-widget elementor-widget-button\" data-id=\"86d7465\" data-element_type=\"widget\" data-e-type=\"widget\" data-widget_type=\"button.default\">\n\t\t\t\t<div class=\"elementor-widget-container\">\n\t\t\t\t\t\t\t\t\t<div class=\"elementor-button-wrapper\">\n\t\t\t\t\t<a class=\"elementor-button elementor-button-link elementor-size-sm\" href=\"#\">\n\t\t\t\t\t\t<span class=\"elementor-button-content-wrapper\">\n\t\t\t\t\t\t<span class=\"elementor-button-icon\">\n\t\t\t\t<i aria-hidden=\"true\" class=\"fas fa-sms\"><\/i>\t\t\t<\/span>\n\t\t\t\t\t\t\t\t\t<span class=\"elementor-button-text\">ENVOYER UN SMS<\/span>\n\t\t\t\t\t<\/span>\n\t\t\t\t\t<\/a>\n\t\t\t\t<\/div>\n\t\t\t\t\t\t\t\t<\/div>\n\t\t\t\t<\/div>\n\t\t\t\t<div class=\"elementor-element elementor-element-ce3463e elementor-align-justify popmake-2895 elementor-widget elementor-widget-button\" data-id=\"ce3463e\" data-element_type=\"widget\" data-e-type=\"widget\" data-widget_type=\"button.default\">\n\t\t\t\t<div class=\"elementor-widget-container\">\n\t\t\t\t\t\t\t\t\t<div class=\"elementor-button-wrapper\">\n\t\t\t\t\t<a class=\"elementor-button elementor-button-link elementor-size-sm\" href=\"#\">\n\t\t\t\t\t\t<span class=\"elementor-button-content-wrapper\">\n\t\t\t\t\t\t<span class=\"elementor-button-icon\">\n\t\t\t\t<i aria-hidden=\"true\" class=\"fas fa-phone-alt\"><\/i>\t\t\t<\/span>\n\t\t\t\t\t\t\t\t\t<span class=\"elementor-button-text\">DEMANDE DE RAPPEL<\/span>\n\t\t\t\t\t<\/span>\n\t\t\t\t\t<\/a>\n\t\t\t\t<\/div>\n\t\t\t\t\t\t\t\t<\/div>\n\t\t\t\t<\/div>\n\t\t\t\t<\/div>\n\t\t\t\t\t<\/div>\n\t\t\t\t<\/div>\n\t\t\t\t<\/div>","protected":false},"excerpt":{"rendered":"<p>DROIT PROPRI\u00c9T\u00c9 INTELLECTUELLE &amp; INDUSTRIELLE Prot\u00e9ger votre Capital Immat\u00e9riel au Maroc Demander un audit de vos marques Propri\u00e9t\u00e9 Intellectuelle &amp; Industrielle : Prot\u00e9ger votre Capital Immat\u00e9riel au Maroc Au carrefour de l&rsquo;Afrique et de l&rsquo;Europe, la protection de l&rsquo;innovation est devenue un levier majeur de comp\u00e9titivit\u00e9 pour les entreprises marocaines. Le cabinet de Ma\u00eetre Meriem [&hellip;]<\/p>\n","protected":false},"author":1,"featured_media":0,"parent":0,"menu_order":0,"comment_status":"closed","ping_status":"closed","template":"","meta":{"site-sidebar-layout":"no-sidebar","site-content-layout":"page-builder","ast-site-content-layout":"full-width-container","site-content-style":"default","site-sidebar-style":"default","ast-global-header-display":"","ast-banner-title-visibility":"","ast-main-header-display":"","ast-hfb-above-header-display":"","ast-hfb-below-header-display":"","ast-hfb-mobile-header-display":"","site-post-title":"disabled","ast-breadcrumbs-content":"","ast-featured-img":"disabled","footer-sml-layout":"","ast-disable-related-posts":"","theme-transparent-header-meta":"","adv-header-id-meta":"","stick-header-meta":"","header-above-stick-meta":"","header-main-stick-meta":"","header-below-stick-meta":"","astra-migrate-meta-layouts":"set","ast-page-background-enabled":"default","ast-page-background-meta":{"desktop":{"background-color":"var(--ast-global-color-4)","background-image":"","background-repeat":"repeat","background-position":"center center","background-size":"auto","background-attachment":"scroll","background-type":"","background-media":"","overlay-type":"","overlay-color":"","overlay-opacity":"","overlay-gradient":""},"tablet":{"background-color":"","background-image":"","background-repeat":"repeat","background-position":"center center","background-size":"auto","background-attachment":"scroll","background-type":"","background-media":"","overlay-type":"","overlay-color":"","overlay-opacity":"","overlay-gradient":""},"mobile":{"background-color":"","background-image":"","background-repeat":"repeat","background-position":"center center","background-size":"auto","background-attachment":"scroll","background-type":"","background-media":"","overlay-type":"","overlay-color":"","overlay-opacity":"","overlay-gradient":""}},"ast-content-background-meta":{"desktop":{"background-color":"var(--ast-global-color-5)","background-image":"","background-repeat":"repeat","background-position":"center center","background-size":"auto","background-attachment":"scroll","background-type":"","background-media":"","overlay-type":"","overlay-color":"","overlay-opacity":"","overlay-gradient":""},"tablet":{"background-color":"var(--ast-global-color-5)","background-image":"","background-repeat":"repeat","background-position":"center center","background-size":"auto","background-attachment":"scroll","background-type":"","background-media":"","overlay-type":"","overlay-color":"","overlay-opacity":"","overlay-gradient":""},"mobile":{"background-color":"var(--ast-global-color-5)","background-image":"","background-repeat":"repeat","background-position":"center center","background-size":"auto","background-attachment":"scroll","background-type":"","background-media":"","overlay-type":"","overlay-color":"","overlay-opacity":"","overlay-gradient":""}},"footnotes":""},"class_list":["post-3313","page","type-page","status-publish","hentry"],"_hostinger_reach_plugin_has_subscription_block":false,"_hostinger_reach_plugin_is_elementor":false,"rttpg_featured_image_url":null,"rttpg_author":{"display_name":"manallajoy55@gmail.com","author_link":"https:\/\/berradalawfirm.ma\/en\/author\/manallajoy55gmail-com\/"},"rttpg_comment":0,"rttpg_category":null,"rttpg_excerpt":"DROIT PROPRI\u00c9T\u00c9 INTELLECTUELLE &amp; INDUSTRIELLE Prot\u00e9ger votre Capital Immat\u00e9riel au Maroc Demander un audit de vos marques Propri\u00e9t\u00e9 Intellectuelle &amp; Industrielle : Prot\u00e9ger votre Capital Immat\u00e9riel au Maroc Au carrefour de l&rsquo;Afrique et de l&rsquo;Europe, la protection de l&rsquo;innovation est devenue un levier majeur de comp\u00e9titivit\u00e9 pour les entreprises marocaines. Le cabinet de Ma\u00eetre Meriem&hellip;","_links":{"self":[{"href":"https:\/\/berradalawfirm.ma\/en\/wp-json\/wp\/v2\/pages\/3313","targetHints":{"allow":["GET"]}}],"collection":[{"href":"https:\/\/berradalawfirm.ma\/en\/wp-json\/wp\/v2\/pages"}],"about":[{"href":"https:\/\/berradalawfirm.ma\/en\/wp-json\/wp\/v2\/types\/page"}],"author":[{"embeddable":true,"href":"https:\/\/berradalawfirm.ma\/en\/wp-json\/wp\/v2\/users\/1"}],"replies":[{"embeddable":true,"href":"https:\/\/berradalawfirm.ma\/en\/wp-json\/wp\/v2\/comments?post=3313"}],"version-history":[{"count":10,"href":"https:\/\/berradalawfirm.ma\/en\/wp-json\/wp\/v2\/pages\/3313\/revisions"}],"predecessor-version":[{"id":3325,"href":"https:\/\/berradalawfirm.ma\/en\/wp-json\/wp\/v2\/pages\/3313\/revisions\/3325"}],"wp:attachment":[{"href":"https:\/\/berradalawfirm.ma\/en\/wp-json\/wp\/v2\/media?parent=3313"}],"curies":[{"name":"wp","href":"https:\/\/api.w.org\/{rel}","templated":true}]}}