{"id":2910,"date":"2026-02-26T19:49:48","date_gmt":"2026-02-26T19:49:48","guid":{"rendered":"https:\/\/berradalawfirm.ma\/?page_id=2910"},"modified":"2026-04-23T19:22:08","modified_gmt":"2026-04-23T19:22:08","slug":"droit-de-la-presse-e-reputation","status":"publish","type":"page","link":"https:\/\/berradalawfirm.ma\/ar\/droit-de-la-presse-e-reputation\/","title":{"rendered":"DROIT DE LA PRESSE &amp; E-R\u00c9PUTATION"},"content":{"rendered":"<div data-elementor-type=\"wp-page\" data-elementor-id=\"2910\" class=\"elementor elementor-2910\" data-elementor-post-type=\"page\">\n\t\t\t\t<div class=\"elementor-element elementor-element-8982eef e-flex e-con-boxed e-con e-parent\" data-id=\"8982eef\" data-element_type=\"container\" data-e-type=\"container\">\n\t\t\t\t\t<div class=\"e-con-inner\">\n\t\t\t\t\t<\/div>\n\t\t\t\t<\/div>\n\t\t<div class=\"elementor-element elementor-element-a9b841d e-flex e-con-boxed e-con e-parent\" data-id=\"a9b841d\" data-element_type=\"container\" data-e-type=\"container\" data-settings=\"{&quot;background_background&quot;:&quot;classic&quot;}\">\n\t\t\t\t\t<div class=\"e-con-inner\">\n\t\t<div class=\"elementor-element elementor-element-f42566a e-grid e-con-full elementor-invisible e-con e-child\" data-id=\"f42566a\" data-element_type=\"container\" data-e-type=\"container\" data-settings=\"{&quot;background_background&quot;:&quot;classic&quot;,&quot;animation&quot;:&quot;fadeIn&quot;,&quot;animation_delay&quot;:1000}\">\n\t\t\t\t<div class=\"elementor-element elementor-element-6f5dbfb elementor-widget elementor-widget-heading\" data-id=\"6f5dbfb\" data-element_type=\"widget\" data-e-type=\"widget\" data-widget_type=\"heading.default\">\n\t\t\t\t<div class=\"elementor-widget-container\">\n\t\t\t\t\t<h1 class=\"elementor-heading-title elementor-size-default\">DROIT DE LA PRESSE &amp; E-R\u00c9PUTATION<\/h1>\t\t\t\t<\/div>\n\t\t\t\t<\/div>\n\t\t\t\t<div class=\"elementor-element elementor-element-20845bc elementor-widget elementor-widget-heading\" data-id=\"20845bc\" data-element_type=\"widget\" data-e-type=\"widget\" data-widget_type=\"heading.default\">\n\t\t\t\t<div class=\"elementor-widget-container\">\n\t\t\t\t\t<h2 class=\"elementor-heading-title elementor-size-default\">Prot\u00e9ger votre image, d\u00e9fendre votre honneur \u00e0 l'\u00e8re num\u00e9rique.<\/h2>\t\t\t\t<\/div>\n\t\t\t\t<\/div>\n\t\t\t\t<div class=\"elementor-element elementor-element-7cc4b7c elementor-button-success elementor-align-center elementor-widget elementor-widget-button\" data-id=\"7cc4b7c\" data-element_type=\"widget\" data-e-type=\"widget\" data-widget_type=\"button.default\">\n\t\t\t\t<div class=\"elementor-widget-container\">\n\t\t\t\t\t\t\t\t\t<div class=\"elementor-button-wrapper\">\n\t\t\t\t\t<a class=\"elementor-button elementor-button-link elementor-size-sm\" href=\"#contact\">\n\t\t\t\t\t\t<span class=\"elementor-button-content-wrapper\">\n\t\t\t\t\t\t\t\t\t<span class=\"elementor-button-text\">AGIR MAINTENANT<\/span>\n\t\t\t\t\t<\/span>\n\t\t\t\t\t<\/a>\n\t\t\t\t<\/div>\n\t\t\t\t\t\t\t\t<\/div>\n\t\t\t\t<\/div>\n\t\t\t\t<\/div>\n\t\t\t\t\t<\/div>\n\t\t\t\t<\/div>\n\t\t<div class=\"elementor-element elementor-element-bd70cfb e-flex e-con-boxed e-con e-parent\" data-id=\"bd70cfb\" data-element_type=\"container\" data-e-type=\"container\">\n\t\t\t\t\t<div class=\"e-con-inner\">\n\t\t\t\t<div class=\"elementor-element elementor-element-2ce42e3 elementor-widget elementor-widget-spacer\" data-id=\"2ce42e3\" data-element_type=\"widget\" data-e-type=\"widget\" data-widget_type=\"spacer.default\">\n\t\t\t\t<div class=\"elementor-widget-container\">\n\t\t\t\t\t\t\t<div class=\"elementor-spacer\">\n\t\t\t<div class=\"elementor-spacer-inner\"><\/div>\n\t\t<\/div>\n\t\t\t\t\t\t<\/div>\n\t\t\t\t<\/div>\n\t\t<div class=\"elementor-element elementor-element-ef0d22d e-con-full e-flex e-con e-child\" data-id=\"ef0d22d\" data-element_type=\"container\" data-e-type=\"container\">\n\t\t\t\t<div class=\"elementor-element elementor-element-c2f875a elementor-widget elementor-widget-heading\" data-id=\"c2f875a\" data-element_type=\"widget\" data-e-type=\"widget\" data-widget_type=\"heading.default\">\n\t\t\t\t<div class=\"elementor-widget-container\">\n\t\t\t\t\t<h2 class=\"elementor-heading-title elementor-size-default\">Un enjeu majeur \u00e0 l\u2019\u00e8re num\u00e9rique<\/h2>\t\t\t\t<\/div>\n\t\t\t\t<\/div>\n\t\t\t\t<div class=\"elementor-element elementor-element-eab85cc elementor-widget elementor-widget-text-editor\" data-id=\"eab85cc\" data-element_type=\"widget\" data-e-type=\"widget\" data-widget_type=\"text-editor.default\">\n\t\t\t\t<div class=\"elementor-widget-container\">\n\t\t\t\t\t\t\t\t\t<p>La rapidit\u00e9 de diffusion de l&rsquo;information sur les r\u00e9seaux sociaux et dans les m\u00e9dias peut transformer une simple rumeur en une crise durable. Que vous soyez une personnalit\u00e9 publique, un dirigeant d&rsquo;entreprise ou un particulier, votre r\u00e9putation est un actif immat\u00e9riel pr\u00e9cieux.<br \/>Face aux d\u00e9rives m\u00e9diatiques et num\u00e9riques, le cabinet d\u00e9ploie une riposte juridique rapide, gradu\u00e9e et implacable pour faire cesser les atteintes et restaurer votre image.<\/p>\t\t\t\t\t\t\t\t<\/div>\n\t\t\t\t<\/div>\n\t\t\t\t<div class=\"elementor-element elementor-element-861a7f0 elementor-widget elementor-widget-spacer\" data-id=\"861a7f0\" data-element_type=\"widget\" data-e-type=\"widget\" data-widget_type=\"spacer.default\">\n\t\t\t\t<div class=\"elementor-widget-container\">\n\t\t\t\t\t\t\t<div class=\"elementor-spacer\">\n\t\t\t<div class=\"elementor-spacer-inner\"><\/div>\n\t\t<\/div>\n\t\t\t\t\t\t<\/div>\n\t\t\t\t<\/div>\n\t\t\t\t<div class=\"elementor-element elementor-element-6f49b9e elementor-widget elementor-widget-heading\" data-id=\"6f49b9e\" data-element_type=\"widget\" data-e-type=\"widget\" data-widget_type=\"heading.default\">\n\t\t\t\t<div class=\"elementor-widget-container\">\n\t\t\t\t\t<h2 class=\"elementor-heading-title elementor-size-default\">Nos Domaines d\u2019Intervention<\/h2>\t\t\t\t<\/div>\n\t\t\t\t<\/div>\n\t\t\t\t<div class=\"elementor-element elementor-element-b3f06d8 elementor-widget elementor-widget-text-editor\" data-id=\"b3f06d8\" data-element_type=\"widget\" data-e-type=\"widget\" data-widget_type=\"text-editor.default\">\n\t\t\t\t<div class=\"elementor-widget-container\">\n\t\t\t\t\t\t\t\t\t<ul>\n<li><b>Diffamation et Injures :<\/b> L&rsquo;intransigeance face aux attaques<br>Nous agissons avec fermet\u00e9 contre toute all\u00e9gation fausse ou malveillante, qu&rsquo;elle soit diffus\u00e9e par voie de presse ou sur internet.<\/li>\n<li>&nbsp;<b>E-r\u00e9putation et D\u00e9nigrement en ligne :<\/b> Reprendre le contr\u00f4le<br>Sur internet, l&rsquo;anonymat n&rsquo;est pas une impunit\u00e9. Nous intervenons pour le signalement, la suppression de contenus illicites et le d\u00e9r\u00e9f\u00e9rencement (droit \u00e0 l&rsquo;oubli). En cas d&rsquo;attaques concert\u00e9es ou de faux avis visant \u00e0 d\u00e9stabiliser votre activit\u00e9, nous mettons en \u0153uvre les proc\u00e9dures permettant d&rsquo;identifier et de poursuivre les auteurs.<\/li>\n<li><b>Droit \u00e0 l&rsquo;image et Vie priv\u00e9e :<\/b> S\u00e9curiser votre sph\u00e8re intime<br>Votre vie priv\u00e9e vous appartient. Nous vous d\u00e9fendons contre toute captation ou diffusion non consentie de photographies, de vid\u00e9os ou d&rsquo;informations personnelles, en exigeant le retrait imm\u00e9diat et la r\u00e9paration du pr\u00e9judice subi.<\/li>\n<\/ul>\t\t\t\t\t\t\t\t<\/div>\n\t\t\t\t<\/div>\n\t\t\t\t<div class=\"elementor-element elementor-element-4c013de elementor-widget elementor-widget-spacer\" data-id=\"4c013de\" data-element_type=\"widget\" data-e-type=\"widget\" data-widget_type=\"spacer.default\">\n\t\t\t\t<div class=\"elementor-widget-container\">\n\t\t\t\t\t\t\t<div class=\"elementor-spacer\">\n\t\t\t<div class=\"elementor-spacer-inner\"><\/div>\n\t\t<\/div>\n\t\t\t\t\t\t<\/div>\n\t\t\t\t<\/div>\n\t\t\t\t<div class=\"elementor-element elementor-element-a5cacb3 elementor-widget elementor-widget-heading\" data-id=\"a5cacb3\" data-element_type=\"widget\" data-e-type=\"widget\" data-widget_type=\"heading.default\">\n\t\t\t\t<div class=\"elementor-widget-container\">\n\t\t\t\t\t<h2 class=\"elementor-heading-title elementor-size-default\">Une strat\u00e9gie de crise sur-mesure<\/h2>\t\t\t\t<\/div>\n\t\t\t\t<\/div>\n\t\t\t\t<div class=\"elementor-element elementor-element-aef9d0e elementor-widget elementor-widget-text-editor\" data-id=\"aef9d0e\" data-element_type=\"widget\" data-e-type=\"widget\" data-widget_type=\"text-editor.default\">\n\t\t\t\t<div class=\"elementor-widget-container\">\n\t\t\t\t\t\t\t\t\t<p>Chaque dossier d&rsquo;atteinte \u00e0 la r\u00e9putation exige une strat\u00e9gie millim\u00e9tr\u00e9e. Selon l&rsquo;urgence et la gravit\u00e9 de la situation, nous privil\u00e9gions la r\u00e9solution la plus efficace : de la mise en demeure cibl\u00e9e pour obtenir un retrait amiable et imm\u00e9diat, jusqu&rsquo;\u00e0 l&rsquo;action contentieuse d&rsquo;urgence devant les juridictions comp\u00e9tentes.<\/p>\t\t\t\t\t\t\t\t<\/div>\n\t\t\t\t<\/div>\n\t\t\t\t<div class=\"elementor-element elementor-element-f73ca29 elementor-widget elementor-widget-spacer\" data-id=\"f73ca29\" data-element_type=\"widget\" data-e-type=\"widget\" data-widget_type=\"spacer.default\">\n\t\t\t\t<div class=\"elementor-widget-container\">\n\t\t\t\t\t\t\t<div class=\"elementor-spacer\">\n\t\t\t<div class=\"elementor-spacer-inner\"><\/div>\n\t\t<\/div>\n\t\t\t\t\t\t<\/div>\n\t\t\t\t<\/div>\n\t\t\t\t<\/div>\n\t\t\t\t\t<\/div>\n\t\t\t\t<\/div>\n\t\t<div class=\"elementor-element elementor-element-d90203f e-flex e-con-boxed e-con e-parent\" data-id=\"d90203f\" data-element_type=\"container\" data-e-type=\"container\" data-settings=\"{&quot;background_background&quot;:&quot;classic&quot;}\">\n\t\t\t\t\t<div class=\"e-con-inner\">\n\t\t<div class=\"elementor-element elementor-element-5b6fe59 e-con-full e-flex e-con e-child\" data-id=\"5b6fe59\" data-element_type=\"container\" data-e-type=\"container\">\n\t\t\t\t<div class=\"elementor-element elementor-element-d83dc0c elementor-widget elementor-widget-heading\" data-id=\"d83dc0c\" data-element_type=\"widget\" data-e-type=\"widget\" data-widget_type=\"heading.default\">\n\t\t\t\t<div class=\"elementor-widget-container\">\n\t\t\t\t\t<h2 class=\"elementor-heading-title elementor-size-default\">Votre r\u00e9putation m\u00e9rite une d\u00e9fense imm\u00e9diate.<\/h2>\t\t\t\t<\/div>\n\t\t\t\t<\/div>\n\t\t\t\t<div class=\"elementor-element elementor-element-d71ab67 elementor-align-center elementor-widget elementor-widget-button\" data-id=\"d71ab67\" data-element_type=\"widget\" data-e-type=\"widget\" data-widget_type=\"button.default\">\n\t\t\t\t<div class=\"elementor-widget-container\">\n\t\t\t\t\t\t\t\t\t<div class=\"elementor-button-wrapper\">\n\t\t\t\t\t<a class=\"elementor-button elementor-button-link elementor-size-sm\" href=\"#contact\">\n\t\t\t\t\t\t<span class=\"elementor-button-content-wrapper\">\n\t\t\t\t\t\t\t\t\t<span class=\"elementor-button-text\">SOUMETTRE MON DOSSIER<\/span>\n\t\t\t\t\t<\/span>\n\t\t\t\t\t<\/a>\n\t\t\t\t<\/div>\n\t\t\t\t\t\t\t\t<\/div>\n\t\t\t\t<\/div>\n\t\t\t\t<\/div>\n\t\t\t\t\t<\/div>\n\t\t\t\t<\/div>\n\t\t<div class=\"elementor-element elementor-element-ffb8e48 e-flex e-con-boxed e-con e-parent\" data-id=\"ffb8e48\" data-element_type=\"container\" data-e-type=\"container\" data-settings=\"{&quot;background_background&quot;:&quot;classic&quot;}\">\n\t\t\t\t\t<div class=\"e-con-inner\">\n\t\t\t\t\t<\/div>\n\t\t\t\t<\/div>\n\t\t<div class=\"elementor-element elementor-element-9824dc7 e-flex e-con-boxed e-con e-parent\" data-id=\"9824dc7\" data-element_type=\"container\" data-e-type=\"container\" id=\"contact\" data-settings=\"{&quot;background_background&quot;:&quot;classic&quot;}\">\n\t\t\t\t\t<div class=\"e-con-inner\">\n\t\t<div class=\"elementor-element elementor-element-1f2aad8 e-grid e-con-full e-con e-child\" data-id=\"1f2aad8\" data-element_type=\"container\" data-e-type=\"container\">\n\t\t\t\t<div class=\"elementor-element elementor-element-6f3ccfc elementor-align-justify popmake-2864 elementor-widget elementor-widget-button\" data-id=\"6f3ccfc\" data-element_type=\"widget\" data-e-type=\"widget\" data-widget_type=\"button.default\">\n\t\t\t\t<div class=\"elementor-widget-container\">\n\t\t\t\t\t\t\t\t\t<div class=\"elementor-button-wrapper\">\n\t\t\t\t\t<a class=\"elementor-button elementor-button-link elementor-size-sm\" href=\"#\">\n\t\t\t\t\t\t<span class=\"elementor-button-content-wrapper\">\n\t\t\t\t\t\t<span class=\"elementor-button-icon\">\n\t\t\t\t<i aria-hidden=\"true\" class=\"far fa-envelope\"><\/i>\t\t\t<\/span>\n\t\t\t\t\t\t\t\t\t<span class=\"elementor-button-text\">NOUS CONTACTER<\/span>\n\t\t\t\t\t<\/span>\n\t\t\t\t\t<\/a>\n\t\t\t\t<\/div>\n\t\t\t\t\t\t\t\t<\/div>\n\t\t\t\t<\/div>\n\t\t\t\t<div class=\"elementor-element elementor-element-86d7465 elementor-align-justify popmake-2881 elementor-widget elementor-widget-button\" data-id=\"86d7465\" data-element_type=\"widget\" data-e-type=\"widget\" data-widget_type=\"button.default\">\n\t\t\t\t<div class=\"elementor-widget-container\">\n\t\t\t\t\t\t\t\t\t<div class=\"elementor-button-wrapper\">\n\t\t\t\t\t<a class=\"elementor-button elementor-button-link elementor-size-sm\" href=\"#\">\n\t\t\t\t\t\t<span class=\"elementor-button-content-wrapper\">\n\t\t\t\t\t\t<span class=\"elementor-button-icon\">\n\t\t\t\t<i aria-hidden=\"true\" class=\"fas fa-sms\"><\/i>\t\t\t<\/span>\n\t\t\t\t\t\t\t\t\t<span class=\"elementor-button-text\">ENVOYER UN SMS<\/span>\n\t\t\t\t\t<\/span>\n\t\t\t\t\t<\/a>\n\t\t\t\t<\/div>\n\t\t\t\t\t\t\t\t<\/div>\n\t\t\t\t<\/div>\n\t\t\t\t<div class=\"elementor-element elementor-element-ce3463e elementor-align-justify popmake-2895 elementor-widget elementor-widget-button\" data-id=\"ce3463e\" data-element_type=\"widget\" data-e-type=\"widget\" data-widget_type=\"button.default\">\n\t\t\t\t<div class=\"elementor-widget-container\">\n\t\t\t\t\t\t\t\t\t<div class=\"elementor-button-wrapper\">\n\t\t\t\t\t<a class=\"elementor-button elementor-button-link elementor-size-sm\" href=\"#\">\n\t\t\t\t\t\t<span class=\"elementor-button-content-wrapper\">\n\t\t\t\t\t\t<span class=\"elementor-button-icon\">\n\t\t\t\t<i aria-hidden=\"true\" class=\"fas fa-phone-alt\"><\/i>\t\t\t<\/span>\n\t\t\t\t\t\t\t\t\t<span class=\"elementor-button-text\">DEMANDE DE RAPPEL<\/span>\n\t\t\t\t\t<\/span>\n\t\t\t\t\t<\/a>\n\t\t\t\t<\/div>\n\t\t\t\t\t\t\t\t<\/div>\n\t\t\t\t<\/div>\n\t\t\t\t<\/div>\n\t\t\t\t\t<\/div>\n\t\t\t\t<\/div>\n\t\t\t\t<\/div>","protected":false},"excerpt":{"rendered":"<p>DROIT DE LA PRESSE &amp; E-R\u00c9PUTATION Prot\u00e9ger votre image, d\u00e9fendre votre honneur \u00e0 l&rsquo;\u00e8re num\u00e9rique. AGIR MAINTENANT Un enjeu majeur \u00e0 l\u2019\u00e8re num\u00e9rique La rapidit\u00e9 de diffusion de l&rsquo;information sur les r\u00e9seaux sociaux et dans les m\u00e9dias peut transformer une simple rumeur en une crise durable. Que vous soyez une personnalit\u00e9 publique, un dirigeant d&rsquo;entreprise [&hellip;]<\/p>\n","protected":false},"author":1,"featured_media":0,"parent":0,"menu_order":0,"comment_status":"closed","ping_status":"closed","template":"","meta":{"site-sidebar-layout":"no-sidebar","site-content-layout":"page-builder","ast-site-content-layout":"full-width-container","site-content-style":"default","site-sidebar-style":"default","ast-global-header-display":"","ast-banner-title-visibility":"","ast-main-header-display":"","ast-hfb-above-header-display":"","ast-hfb-below-header-display":"","ast-hfb-mobile-header-display":"","site-post-title":"disabled","ast-breadcrumbs-content":"","ast-featured-img":"disabled","footer-sml-layout":"","ast-disable-related-posts":"","theme-transparent-header-meta":"","adv-header-id-meta":"","stick-header-meta":"","header-above-stick-meta":"","header-main-stick-meta":"","header-below-stick-meta":"","astra-migrate-meta-layouts":"set","ast-page-background-enabled":"default","ast-page-background-meta":{"desktop":{"background-color":"var(--ast-global-color-4)","background-image":"","background-repeat":"repeat","background-position":"center center","background-size":"auto","background-attachment":"scroll","background-type":"","background-media":"","overlay-type":"","overlay-color":"","overlay-opacity":"","overlay-gradient":""},"tablet":{"background-color":"","background-image":"","background-repeat":"repeat","background-position":"center center","background-size":"auto","background-attachment":"scroll","background-type":"","background-media":"","overlay-type":"","overlay-color":"","overlay-opacity":"","overlay-gradient":""},"mobile":{"background-color":"","background-image":"","background-repeat":"repeat","background-position":"center center","background-size":"auto","background-attachment":"scroll","background-type":"","background-media":"","overlay-type":"","overlay-color":"","overlay-opacity":"","overlay-gradient":""}},"ast-content-background-meta":{"desktop":{"background-color":"var(--ast-global-color-5)","background-image":"","background-repeat":"repeat","background-position":"center center","background-size":"auto","background-attachment":"scroll","background-type":"","background-media":"","overlay-type":"","overlay-color":"","overlay-opacity":"","overlay-gradient":""},"tablet":{"background-color":"var(--ast-global-color-5)","background-image":"","background-repeat":"repeat","background-position":"center center","background-size":"auto","background-attachment":"scroll","background-type":"","background-media":"","overlay-type":"","overlay-color":"","overlay-opacity":"","overlay-gradient":""},"mobile":{"background-color":"var(--ast-global-color-5)","background-image":"","background-repeat":"repeat","background-position":"center center","background-size":"auto","background-attachment":"scroll","background-type":"","background-media":"","overlay-type":"","overlay-color":"","overlay-opacity":"","overlay-gradient":""}},"footnotes":""},"class_list":["post-2910","page","type-page","status-publish","hentry"],"_hostinger_reach_plugin_has_subscription_block":false,"_hostinger_reach_plugin_is_elementor":false,"rttpg_featured_image_url":null,"rttpg_author":{"display_name":"manallajoy55@gmail.com","author_link":"https:\/\/berradalawfirm.ma\/ar\/author\/manallajoy55gmail-com\/"},"rttpg_comment":0,"rttpg_category":null,"rttpg_excerpt":"DROIT DE LA PRESSE &amp; E-R\u00c9PUTATION Prot\u00e9ger votre image, d\u00e9fendre votre honneur \u00e0 l&rsquo;\u00e8re num\u00e9rique. AGIR MAINTENANT Un enjeu majeur \u00e0 l\u2019\u00e8re num\u00e9rique La rapidit\u00e9 de diffusion de l&rsquo;information sur les r\u00e9seaux sociaux et dans les m\u00e9dias peut transformer une simple rumeur en une crise durable. Que vous soyez une personnalit\u00e9 publique, un dirigeant d&rsquo;entreprise&hellip;","_links":{"self":[{"href":"https:\/\/berradalawfirm.ma\/ar\/wp-json\/wp\/v2\/pages\/2910","targetHints":{"allow":["GET"]}}],"collection":[{"href":"https:\/\/berradalawfirm.ma\/ar\/wp-json\/wp\/v2\/pages"}],"about":[{"href":"https:\/\/berradalawfirm.ma\/ar\/wp-json\/wp\/v2\/types\/page"}],"author":[{"embeddable":true,"href":"https:\/\/berradalawfirm.ma\/ar\/wp-json\/wp\/v2\/users\/1"}],"replies":[{"embeddable":true,"href":"https:\/\/berradalawfirm.ma\/ar\/wp-json\/wp\/v2\/comments?post=2910"}],"version-history":[{"count":13,"href":"https:\/\/berradalawfirm.ma\/ar\/wp-json\/wp\/v2\/pages\/2910\/revisions"}],"predecessor-version":[{"id":3259,"href":"https:\/\/berradalawfirm.ma\/ar\/wp-json\/wp\/v2\/pages\/2910\/revisions\/3259"}],"wp:attachment":[{"href":"https:\/\/berradalawfirm.ma\/ar\/wp-json\/wp\/v2\/media?parent=2910"}],"curies":[{"name":"wp","href":"https:\/\/api.w.org\/{rel}","templated":true}]}}